{"id":103,"date":"2024-06-10T10:28:41","date_gmt":"2024-06-10T08:28:41","guid":{"rendered":"https:\/\/hundezentrum-fra.de\/?page_id=103"},"modified":"2025-07-13T06:53:50","modified_gmt":"2025-07-13T04:53:50","slug":"gassi-service","status":"publish","type":"page","link":"https:\/\/hundezentrum-fra.de\/en\/gassi-service\/","title":{"rendered":"Dog walking service"},"content":{"rendered":"<div data-colibri-id=\"103-c1\" class=\"style-707 style-local-103-c1 position-relative\">\n  <!---->\n  <div data-colibri-component=\"section\" data-colibri-id=\"103-c2\" id=\"reusable-sections\" class=\"h-section h-section-global-spacing d-flex align-items-lg-center align-items-md-center align-items-center style-708 style-local-103-c2 position-relative\">\n    <!---->\n    <!---->\n    <div class=\"h-section-grid-container h-section-fluid-container\">\n      <!---->\n      <div data-colibri-id=\"103-c3\" class=\"h-row-container gutters-row-lg-0 gutters-row-md-0 gutters-row-0 gutters-row-v-lg-0 gutters-row-v-md-0 gutters-row-v-0 style-709 style-local-103-c3 position-relative\">\n        <!---->\n        <div class=\"h-row justify-content-lg-center justify-content-md-center justify-content-center align-items-lg-stretch align-items-md-stretch align-items-stretch gutters-col-lg-0 gutters-col-md-0 gutters-col-0 gutters-col-v-lg-0 gutters-col-v-md-0 gutters-col-v-0\">\n          <!---->\n          <div class=\"h-column h-column-container d-flex h-col-lg h-col-md h-col-auto style-710-outer style-local-103-c4-outer\">\n            <div data-colibri-id=\"103-c4\" class=\"d-flex h-flex-basis h-column__inner h-px-lg-0 h-px-md-0 h-px-0 v-inner-lg-0 v-inner-md-0 v-inner-0 style-710 style-local-103-c4 position-relative\">\n              <!---->\n              <!---->\n              <div class=\"w-100 h-y-container h-column__content h-column__v-align flex-basis-100 align-self-lg-start align-self-md-start align-self-start\">\n                <!---->\n                <div data-colibri-id=\"103-c5\" class=\"d-block style-711 style-local-103-c5 position-relative h-element\">\n                  <!---->\n                  <div class=\"h-image__frame-container-outer\">\n                    <div class=\"h-image__frame-container\">\n                      <!---->\n                      <div class=\"h-image__overlay style-711-overlay style-local-103-c5-overlay\">\n                        <div class=\"overlay-layer\">\n                          <div class=\"overlay-image-layer\" style=\"background-color: rgb(0, 0, 0); opacity: 0.4;\"><\/div>\n                        <\/div>\n                      <\/div>\n                      <img decoding=\"async\" width=\"1920\" height=\"768\" data-src=\"https:\/\/hundezentrum-fra.de\/wp-content\/uploads\/2025\/07\/0R4A0830.jpg\" class=\"wp-image-3061 style-711-image style-local-103-c5-image lazyload\" alt=\"\" data-srcset=\"https:\/\/hundezentrum-fra.de\/wp-content\/uploads\/2025\/07\/0R4A0830.jpg 1920w, https:\/\/hundezentrum-fra.de\/wp-content\/uploads\/2025\/07\/0R4A0830-300x120.jpg 300w, https:\/\/hundezentrum-fra.de\/wp-content\/uploads\/2025\/07\/0R4A0830-1024x410.jpg 1024w, https:\/\/hundezentrum-fra.de\/wp-content\/uploads\/2025\/07\/0R4A0830-768x307.jpg 768w, https:\/\/hundezentrum-fra.de\/wp-content\/uploads\/2025\/07\/0R4A0830-1536x614.jpg 1536w, https:\/\/hundezentrum-fra.de\/wp-content\/uploads\/2025\/07\/0R4A0830-18x7.jpg 18w\" data-sizes=\"(max-width: 1920px) 100vw, 1920px\" src=\"data:image\/svg+xml;base64,PHN2ZyB3aWR0aD0iMSIgaGVpZ2h0PSIxIiB4bWxucz0iaHR0cDovL3d3dy53My5vcmcvMjAwMC9zdmciPjwvc3ZnPg==\" style=\"--smush-placeholder-width: 1920px; --smush-placeholder-aspect-ratio: 1920\/768;\" \/>\n                      <div class=\"h-image__frame h-hide-lg h-hide-md h-hide-sm style-711-frameImage style-local-103-c5-frameImage\"><\/div>\n                    <\/div>\n                  <\/div>\n                <\/div>\n              <\/div>\n            <\/div>\n          <\/div>\n        <\/div>\n      <\/div>\n    <\/div>\n  <\/div>\n  <div data-colibri-component=\"section\" data-colibri-id=\"103-c6\" id=\"about\" class=\"h-section h-section-global-spacing d-flex align-items-lg-center align-items-md-center align-items-center style-779 style-local-103-c6 position-relative\">\n    <!---->\n    <!---->\n    <div class=\"h-section-grid-container h-section-boxed-container\">\n      <!---->\n      <div data-colibri-id=\"103-c7\" class=\"h-row-container gutters-row-lg-0 gutters-row-md-0 gutters-row-0 gutters-row-v-lg-0 gutters-row-v-md-0 gutters-row-v-0 style-780 style-local-103-c7 position-relative\">\n        <!---->\n        <div class=\"h-row justify-content-lg-center justify-content-md-center justify-content-center align-items-lg-stretch align-items-md-stretch align-items-stretch gutters-col-lg-0 gutters-col-md-0 gutters-col-0 gutters-col-v-lg-0 gutters-col-v-md-0 gutters-col-v-0\">\n          <!---->\n          <div class=\"h-column h-column-container d-flex h-col-lg-auto h-col-md-auto h-col-auto style-781-outer style-local-103-c8-outer\">\n            <div data-colibri-id=\"103-c8\" class=\"d-flex h-flex-basis h-column__inner h-px-lg-0 h-px-md-0 h-px-0 v-inner-lg-0 v-inner-md-0 v-inner-0 style-781 style-local-103-c8 position-relative\">\n              <!---->\n              <!---->\n              <div class=\"w-100 h-y-container h-column__content h-column__v-align flex-basis-100 align-self-lg-start align-self-md-start align-self-start\">\n                <!---->\n                <div data-colibri-id=\"103-c9\" class=\"h-global-transition-all h-heading style-783 style-local-103-c9 position-relative h-element\">\n                  <!---->\n                  <div class=\"h-heading__outer style-783 style-local-103-c9\">\n                    <!---->\n                    <!---->\n                    <h2 class=\"\">Dogwalking<\/h2>\n                  <\/div>\n                <\/div>\n                <div data-colibri-id=\"103-c10\" class=\"h-text h-text-component style-784 style-local-103-c10 position-relative h-element\">\n                  <!---->\n                  <!---->\n                  <div class=\"\">\n                    <p>For dogs that sit alone or dogs that like to run and have a long stay with us, it can be useful to book walks for the dog. You can book as many walks as you like for your dog for the duration of your stay.\n                      for your dog during your stay. Once a week, twice a week or daily. Whatever is best for your dog. <\/p>\n                  <\/div>\n                <\/div>\n              <\/div>\n            <\/div>\n          <\/div>\n          <div class=\"h-column h-column-container d-flex h-col-lg-auto h-col-md-auto h-col-auto style-785-outer style-local-103-c11-outer\">\n            <div data-colibri-id=\"103-c11\" class=\"d-flex h-flex-basis h-column__inner h-ui-empty-state-container h-px-lg-2 h-px-md-2 h-px-2 v-inner-lg-2 v-inner-md-2 v-inner-2 style-785 style-local-103-c11 position-relative\">\n              <!---->\n              <!---->\n              <div class=\"w-100 h-y-container h-column__content h-column__v-align flex-basis-100\">\n                <!---->\n              <\/div>\n            <\/div>\n          <\/div>\n        <\/div>\n      <\/div>\n    <\/div>\n  <\/div>\n  <div data-colibri-component=\"section\" data-colibri-id=\"103-c12\" id=\"reusable-sections-2\" class=\"h-section h-section-global-spacing d-flex align-items-lg-center align-items-md-center align-items-center style-786 style-local-103-c12 position-relative\">\n    <!---->\n    <!---->\n    <div class=\"h-section-grid-container h-section-fluid-container\">\n      <!---->\n      <div data-colibri-id=\"103-c13\" class=\"h-row-container gutters-row-lg-0 gutters-row-md-0 gutters-row-0 gutters-row-v-lg-0 gutters-row-v-md-0 gutters-row-v-0 style-787 style-local-103-c13 position-relative\">\n        <!---->\n        <div class=\"h-row justify-content-lg-center justify-content-md-center justify-content-center align-items-lg-stretch align-items-md-stretch align-items-stretch gutters-col-lg-0 gutters-col-md-0 gutters-col-0 gutters-col-v-lg-0 gutters-col-v-md-0 gutters-col-v-0\">\n          <!---->\n          <div class=\"h-column h-column-container d-flex h-col-lg h-col-md h-col-auto style-788-outer style-local-103-c14-outer\">\n            <div data-colibri-id=\"103-c14\" class=\"d-flex h-flex-basis h-column__inner h-px-lg-0 h-px-md-0 h-px-0 v-inner-lg-0 v-inner-md-0 v-inner-0 style-788 style-local-103-c14 position-relative\">\n              <!---->\n              <!---->\n              <div class=\"w-100 h-y-container h-column__content h-column__v-align flex-basis-100 align-self-lg-start align-self-md-start align-self-start\">\n                <!---->\n                <div data-colibri-id=\"103-c15\" class=\"d-block style-789 style-local-103-c15 position-relative h-element\">\n                  <!---->\n                  <div class=\"h-image__frame-container-outer\">\n                    <div class=\"h-image__frame-container\">\n                      <!---->\n                      <div class=\"h-image__overlay style-789-overlay style-local-103-c15-overlay\">\n                        <div class=\"overlay-layer\">\n                          <div class=\"overlay-image-layer\" style=\"background-color: rgb(0, 0, 0); opacity: 0.4;\"><\/div>\n                        <\/div>\n                      <\/div>\n                      <img decoding=\"async\" width=\"1920\" height=\"768\" data-src=\"https:\/\/hundezentrum-fra.de\/wp-content\/uploads\/2025\/07\/0R4A0679.jpg\" class=\"wp-image-3069 style-789-image style-local-103-c15-image lazyload\" alt=\"\" data-srcset=\"https:\/\/hundezentrum-fra.de\/wp-content\/uploads\/2025\/07\/0R4A0679.jpg 1920w, https:\/\/hundezentrum-fra.de\/wp-content\/uploads\/2025\/07\/0R4A0679-300x120.jpg 300w, https:\/\/hundezentrum-fra.de\/wp-content\/uploads\/2025\/07\/0R4A0679-1024x410.jpg 1024w, https:\/\/hundezentrum-fra.de\/wp-content\/uploads\/2025\/07\/0R4A0679-768x307.jpg 768w, https:\/\/hundezentrum-fra.de\/wp-content\/uploads\/2025\/07\/0R4A0679-1536x614.jpg 1536w, https:\/\/hundezentrum-fra.de\/wp-content\/uploads\/2025\/07\/0R4A0679-18x7.jpg 18w\" data-sizes=\"(max-width: 1920px) 100vw, 1920px\" src=\"data:image\/svg+xml;base64,PHN2ZyB3aWR0aD0iMSIgaGVpZ2h0PSIxIiB4bWxucz0iaHR0cDovL3d3dy53My5vcmcvMjAwMC9zdmciPjwvc3ZnPg==\" style=\"--smush-placeholder-width: 1920px; --smush-placeholder-aspect-ratio: 1920\/768;\" \/>\n                      <div class=\"h-image__frame h-hide-lg h-hide-md h-hide-sm style-789-frameImage style-local-103-c15-frameImage\"><\/div>\n                    <\/div>\n                  <\/div>\n                <\/div>\n              <\/div>\n            <\/div>\n          <\/div>\n        <\/div>\n      <\/div>\n    <\/div>\n  <\/div>\n  <div data-colibri-component=\"section\" data-colibri-id=\"103-c16\" id=\"about-2\" class=\"h-section h-section-global-spacing d-flex align-items-lg-center align-items-md-center align-items-center style-790 style-local-103-c16 position-relative\">\n    <!---->\n    <!---->\n    <div class=\"h-section-grid-container h-section-boxed-container\">\n      <!---->\n      <div data-colibri-id=\"103-c17\" class=\"h-row-container gutters-row-lg-0 gutters-row-md-0 gutters-row-0 gutters-row-v-lg-0 gutters-row-v-md-0 gutters-row-v-0 style-791 style-local-103-c17 position-relative\">\n        <!---->\n        <div class=\"h-row justify-content-lg-center justify-content-md-center justify-content-center align-items-lg-stretch align-items-md-stretch align-items-stretch gutters-col-lg-0 gutters-col-md-0 gutters-col-0 gutters-col-v-lg-0 gutters-col-v-md-0 gutters-col-v-0\">\n          <!---->\n          <div class=\"h-column h-column-container d-flex h-col-lg-auto h-col-md-auto h-col-auto style-792-outer style-local-103-c18-outer\">\n            <div data-colibri-id=\"103-c18\" class=\"d-flex h-flex-basis h-column__inner h-ui-empty-state-container h-px-lg-0 h-px-md-0 h-px-0 v-inner-lg-0 v-inner-md-0 v-inner-0 style-792 style-local-103-c18 position-relative\">\n              <!---->\n              <!---->\n              <div class=\"w-100 h-y-container h-column__content h-column__v-align flex-basis-100\">\n                <!---->\n              <\/div>\n            <\/div>\n          <\/div>\n          <div class=\"h-column h-column-container d-flex h-col-lg-auto h-col-md-auto h-col-auto style-793-outer style-local-103-c19-outer\">\n            <div data-colibri-id=\"103-c19\" class=\"d-flex h-flex-basis h-column__inner h-px-lg-2 h-px-md-2 h-px-2 v-inner-lg-2 v-inner-md-2 v-inner-2 style-793 style-local-103-c19 position-relative\">\n              <!---->\n              <!---->\n              <div class=\"w-100 h-y-container h-column__content h-column__v-align flex-basis-100 align-self-lg-start align-self-md-start align-self-start\">\n                <!---->\n                <div data-colibri-id=\"103-c20\" class=\"h-text h-text-component style-796 style-local-103-c20 position-relative h-element\">\n                  <!---->\n                  <!---->\n                  <div class=\"\">\n                    <p>And even though our dog center is located in the middle of Cargo City South, surrounded by freight forwarders and little nature, we are only a few minutes' walk from the beautiful Bannwald forest between the airport, M\u00f6rfelden Walldorf and Raunheim. You can already\n                      here that the M\u00f6nchbruch nature reserve opens up just a few kilometers further on. It is shady and quiet and we have lots of streams on our route so that the dogs can cool off in summer.\n                      <br>\n                    <\/p>\n                  <\/div>\n                <\/div>\n              <\/div>\n            <\/div>\n          <\/div>\n        <\/div>\n      <\/div>\n    <\/div>\n  <\/div>\n  <div data-colibri-component=\"section\" data-colibri-id=\"103-c21\" id=\"reusable-sections-3\" class=\"h-section h-section-global-spacing d-flex align-items-lg-center align-items-md-center align-items-center style-799 style-local-103-c21 position-relative\">\n    <!---->\n    <!---->\n    <div class=\"h-section-grid-container h-section-fluid-container\">\n      <!---->\n      <div data-colibri-id=\"103-c22\" class=\"h-row-container gutters-row-lg-0 gutters-row-md-0 gutters-row-0 gutters-row-v-lg-0 gutters-row-v-md-0 gutters-row-v-0 style-800 style-local-103-c22 position-relative\">\n        <!---->\n        <div class=\"h-row justify-content-lg-center justify-content-md-center justify-content-center align-items-lg-stretch align-items-md-stretch align-items-stretch gutters-col-lg-0 gutters-col-md-0 gutters-col-0 gutters-col-v-lg-0 gutters-col-v-md-0 gutters-col-v-0\">\n          <!---->\n          <div class=\"h-column h-column-container d-flex h-col-lg h-col-md h-col-auto style-801-outer style-local-103-c23-outer\">\n            <div data-colibri-id=\"103-c23\" class=\"d-flex h-flex-basis h-column__inner h-px-lg-0 h-px-md-0 h-px-0 v-inner-lg-0 v-inner-md-0 v-inner-0 style-801 style-local-103-c23 position-relative\">\n              <!---->\n              <!---->\n              <div class=\"w-100 h-y-container h-column__content h-column__v-align flex-basis-100 align-self-lg-start align-self-md-start align-self-start\">\n                <!---->\n                <div data-colibri-id=\"103-c24\" class=\"d-block style-802 style-local-103-c24 position-relative h-element\">\n                  <!---->\n                  <div class=\"h-image__frame-container-outer\">\n                    <div class=\"h-image__frame-container\">\n                      <!---->\n                      <div class=\"h-image__overlay style-802-overlay style-local-103-c24-overlay\">\n                        <div class=\"overlay-layer\">\n                          <div class=\"overlay-image-layer\" style=\"background-color: rgb(0, 0, 0); opacity: 0.2;\"><\/div>\n                        <\/div>\n                      <\/div>\n                      <img decoding=\"async\" width=\"1920\" height=\"768\" data-src=\"https:\/\/hundezentrum-fra.de\/wp-content\/uploads\/2024\/06\/2024_05_08_04481.jpg\" class=\"wp-image-1125 style-802-image style-local-103-c24-image lazyload\" alt=\"\" data-srcset=\"https:\/\/hundezentrum-fra.de\/wp-content\/uploads\/2024\/06\/2024_05_08_04481.jpg 1920w, https:\/\/hundezentrum-fra.de\/wp-content\/uploads\/2024\/06\/2024_05_08_04481-300x120.jpg 300w, https:\/\/hundezentrum-fra.de\/wp-content\/uploads\/2024\/06\/2024_05_08_04481-1024x410.jpg 1024w, https:\/\/hundezentrum-fra.de\/wp-content\/uploads\/2024\/06\/2024_05_08_04481-768x307.jpg 768w, https:\/\/hundezentrum-fra.de\/wp-content\/uploads\/2024\/06\/2024_05_08_04481-1536x614.jpg 1536w\" data-sizes=\"(max-width: 1920px) 100vw, 1920px\" src=\"data:image\/svg+xml;base64,PHN2ZyB3aWR0aD0iMSIgaGVpZ2h0PSIxIiB4bWxucz0iaHR0cDovL3d3dy53My5vcmcvMjAwMC9zdmciPjwvc3ZnPg==\" style=\"--smush-placeholder-width: 1920px; --smush-placeholder-aspect-ratio: 1920\/768;\" \/>\n                      <div class=\"h-image__frame h-hide-lg h-hide-md h-hide-sm style-802-frameImage style-local-103-c24-frameImage\"><\/div>\n                    <\/div>\n                  <\/div>\n                <\/div>\n              <\/div>\n            <\/div>\n          <\/div>\n        <\/div>\n      <\/div>\n    <\/div>\n  <\/div>\n<\/div>","protected":false},"excerpt":{"rendered":"<p>Dogwalking Bei Hunden, die einzeln sitzen oder welchen, die gerne laufen und einen langen Aufenthalt bei uns haben, kann es sinnvoll sein, dem Hund Spazierg\u00e4nge dazu zu buchen. Du kannst f\u00fcr die Zeit des Aufenthaltes beliebig viele Spazierg\u00e4nge f\u00fcr deinen Hund dazu buchen. Einmal pro Woche, zweimal pro Woche, oder t\u00e4glich. Ganz, wie es f\u00fcr [&hellip;]<\/p>\n","protected":false},"author":1,"featured_media":0,"parent":0,"menu_order":0,"comment_status":"closed","ping_status":"closed","template":"page-templates\/full-width-page.php","meta":{"footnotes":""},"class_list":["post-103","page","type-page","status-publish","hentry"],"_links":{"self":[{"href":"https:\/\/hundezentrum-fra.de\/en\/wp-json\/wp\/v2\/pages\/103","targetHints":{"allow":["GET"]}}],"collection":[{"href":"https:\/\/hundezentrum-fra.de\/en\/wp-json\/wp\/v2\/pages"}],"about":[{"href":"https:\/\/hundezentrum-fra.de\/en\/wp-json\/wp\/v2\/types\/page"}],"author":[{"embeddable":true,"href":"https:\/\/hundezentrum-fra.de\/en\/wp-json\/wp\/v2\/users\/1"}],"replies":[{"embeddable":true,"href":"https:\/\/hundezentrum-fra.de\/en\/wp-json\/wp\/v2\/comments?post=103"}],"version-history":[{"count":2,"href":"https:\/\/hundezentrum-fra.de\/en\/wp-json\/wp\/v2\/pages\/103\/revisions"}],"predecessor-version":[{"id":3072,"href":"https:\/\/hundezentrum-fra.de\/en\/wp-json\/wp\/v2\/pages\/103\/revisions\/3072"}],"wp:attachment":[{"href":"https:\/\/hundezentrum-fra.de\/en\/wp-json\/wp\/v2\/media?parent=103"}],"curies":[{"name":"wp","href":"https:\/\/api.w.org\/{rel}","templated":true}]}}