{"id":105,"date":"2024-06-10T10:28:55","date_gmt":"2024-06-10T08:28:55","guid":{"rendered":"https:\/\/hundezentrum-fra.de\/?page_id=105"},"modified":"2024-10-16T19:16:40","modified_gmt":"2024-10-16T17:16:40","slug":"gate-to-gate","status":"publish","type":"page","link":"https:\/\/hundezentrum-fra.de\/en\/gate-to-gate\/","title":{"rendered":"Gate-to-Gate"},"content":{"rendered":"<div data-colibri-id=\"105-c1\" class=\"style-712 style-local-105-c1 position-relative\">\n  <!---->\n  <div data-colibri-component=\"section\" data-colibri-id=\"105-c2\" id=\"reusable-sections\" class=\"h-section h-section-global-spacing d-flex align-items-lg-center align-items-md-center align-items-center style-713 style-local-105-c2 position-relative\">\n    <!---->\n    <!---->\n    <div class=\"h-section-grid-container h-section-fluid-container\">\n      <!---->\n      <div data-colibri-id=\"105-c3\" class=\"h-row-container gutters-row-lg-0 gutters-row-md-0 gutters-row-0 gutters-row-v-lg-0 gutters-row-v-md-0 gutters-row-v-0 style-714 style-local-105-c3 position-relative\">\n        <!---->\n        <div class=\"h-row justify-content-lg-center justify-content-md-center justify-content-center align-items-lg-stretch align-items-md-stretch align-items-stretch gutters-col-lg-0 gutters-col-md-0 gutters-col-0 gutters-col-v-lg-0 gutters-col-v-md-0 gutters-col-v-0\">\n          <!---->\n          <div class=\"h-column h-column-container d-flex h-col-lg h-col-md h-col-auto style-715-outer style-local-105-c4-outer\">\n            <div data-colibri-id=\"105-c4\" class=\"d-flex h-flex-basis h-column__inner h-px-lg-0 h-px-md-0 h-px-0 v-inner-lg-0 v-inner-md-0 v-inner-0 style-715 style-local-105-c4 position-relative\">\n              <!---->\n              <!---->\n              <div class=\"w-100 h-y-container h-column__content h-column__v-align flex-basis-100 align-self-lg-start align-self-md-start align-self-start\">\n                <!---->\n                <div data-colibri-id=\"105-c5\" class=\"d-block style-716 style-local-105-c5 position-relative h-element\">\n                  <!---->\n                  <div class=\"h-image__frame-container-outer\">\n                    <div class=\"h-image__frame-container\">\n                      <!---->\n                      <div class=\"h-image__overlay style-716-overlay style-local-105-c5-overlay\">\n                        <div class=\"overlay-layer\">\n                          <div class=\"overlay-image-layer\" style=\"background-color: rgb(0, 0, 0); opacity: 0.4;\"><\/div>\n                        <\/div>\n                      <\/div>\n                      <img decoding=\"async\" width=\"1920\" height=\"768\" data-src=\"https:\/\/hundezentrum-fra.de\/wp-content\/uploads\/2024\/06\/2024_05_08_04659.jpg\" class=\"wp-image-828 style-716-image style-local-105-c5-image lazyload\" alt=\"\" data-srcset=\"https:\/\/hundezentrum-fra.de\/wp-content\/uploads\/2024\/06\/2024_05_08_04659.jpg 1920w, https:\/\/hundezentrum-fra.de\/wp-content\/uploads\/2024\/06\/2024_05_08_04659-300x120.jpg 300w, https:\/\/hundezentrum-fra.de\/wp-content\/uploads\/2024\/06\/2024_05_08_04659-1024x410.jpg 1024w, https:\/\/hundezentrum-fra.de\/wp-content\/uploads\/2024\/06\/2024_05_08_04659-768x307.jpg 768w, https:\/\/hundezentrum-fra.de\/wp-content\/uploads\/2024\/06\/2024_05_08_04659-1536x614.jpg 1536w\" data-sizes=\"(max-width: 1920px) 100vw, 1920px\" src=\"data:image\/svg+xml;base64,PHN2ZyB3aWR0aD0iMSIgaGVpZ2h0PSIxIiB4bWxucz0iaHR0cDovL3d3dy53My5vcmcvMjAwMC9zdmciPjwvc3ZnPg==\" style=\"--smush-placeholder-width: 1920px; --smush-placeholder-aspect-ratio: 1920\/768;\" \/>\n                      <div class=\"h-image__frame h-hide-lg h-hide-md h-hide-sm style-716-frameImage style-local-105-c5-frameImage\"><\/div>\n                    <\/div>\n                  <\/div>\n                <\/div>\n              <\/div>\n            <\/div>\n          <\/div>\n        <\/div>\n      <\/div>\n    <\/div>\n  <\/div>\n  <div data-colibri-component=\"section\" data-colibri-id=\"105-c6\" id=\"reusable-sections-2\" class=\"h-section h-section-global-spacing d-flex align-items-lg-center align-items-md-center align-items-center style-803 style-local-105-c6 position-relative\">\n    <!---->\n    <!---->\n    <div class=\"h-section-grid-container h-section-boxed-container\">\n      <!---->\n      <div data-colibri-id=\"105-c7\" class=\"h-row-container gutters-row-lg-0 gutters-row-md-0 gutters-row-0 gutters-row-v-lg-0 gutters-row-v-md-0 gutters-row-v-0 style-804 style-local-105-c7 position-relative\">\n        <!---->\n        <div class=\"h-row justify-content-lg-center justify-content-md-center justify-content-center align-items-lg-stretch align-items-md-stretch align-items-stretch gutters-col-lg-0 gutters-col-md-0 gutters-col-0 gutters-col-v-lg-0 gutters-col-v-md-0 gutters-col-v-0\">\n          <!---->\n          <div class=\"h-column h-column-container d-flex h-col-lg-auto h-col-md-auto h-col-auto style-805-outer style-local-105-c8-outer\">\n            <div data-colibri-id=\"105-c8\" class=\"d-flex h-flex-basis h-column__inner h-px-lg-0 h-px-md-0 h-px-0 v-inner-lg-0 v-inner-md-0 v-inner-0 style-805 style-local-105-c8 position-relative\">\n              <!---->\n              <!---->\n              <div class=\"w-100 h-y-container h-column__content h-column__v-align flex-basis-100 align-self-lg-start align-self-md-start align-self-start\">\n                <!---->\n                <div data-colibri-id=\"105-c9\" class=\"h-global-transition-all h-heading style-806 style-local-105-c9 position-relative h-element\">\n                  <!---->\n                  <div class=\"h-heading__outer style-806 style-local-105-c9\">\n                    <!---->\n                    <!---->\n                    <h2 class=\"\">Gate-to-gate service<\/h2>\n                  <\/div>\n                <\/div>\n                <div data-colibri-id=\"105-c10\" class=\"h-text h-text-component style-807 style-local-105-c10 position-relative h-element\">\n                  <!---->\n                  <!---->\n                  <div class=\"\">\n                    <p>Individually tailored to your travel plans, our Gate to Gate service is the perfect link between your flight and your dog's accommodation in our dog care facility:<\/p>\n                    <p>We will collect your dog directly from the terminal before you check in and\/or bring him back there after you land. <\/p>\n                    <p>This service is also ideal for short-term accommodation during a stopover at Frankfurt Airport, so that your dog can also relax between flights.<\/p>\n                  <\/div>\n                <\/div>\n              <\/div>\n            <\/div>\n          <\/div>\n          <div class=\"h-column h-column-container d-flex h-col-lg-auto h-col-md-auto h-col-auto style-808-outer style-local-105-c11-outer\">\n            <div data-colibri-id=\"105-c11\" class=\"d-flex h-flex-basis h-column__inner h-ui-empty-state-container h-px-lg-2 h-px-md-2 h-px-2 v-inner-lg-2 v-inner-md-2 v-inner-2 style-808 style-local-105-c11 position-relative\">\n              <!---->\n              <!---->\n              <div class=\"w-100 h-y-container h-column__content h-column__v-align flex-basis-100\">\n                <!---->\n              <\/div>\n            <\/div>\n          <\/div>\n        <\/div>\n      <\/div>\n    <\/div>\n  <\/div>\n  <div data-colibri-component=\"section\" data-colibri-id=\"105-c12\" id=\"reusable-sections-3\" class=\"h-section h-section-global-spacing d-flex align-items-lg-center align-items-md-center align-items-center style-809 style-local-105-c12 position-relative\">\n    <!---->\n    <!---->\n    <div class=\"h-section-grid-container h-section-fluid-container\">\n      <!---->\n      <div data-colibri-id=\"105-c13\" class=\"h-row-container gutters-row-lg-0 gutters-row-md-0 gutters-row-0 gutters-row-v-lg-0 gutters-row-v-md-0 gutters-row-v-0 style-810 style-local-105-c13 position-relative\">\n        <!---->\n        <div class=\"h-row justify-content-lg-center justify-content-md-center justify-content-center align-items-lg-stretch align-items-md-stretch align-items-stretch gutters-col-lg-0 gutters-col-md-0 gutters-col-0 gutters-col-v-lg-0 gutters-col-v-md-0 gutters-col-v-0\">\n          <!---->\n          <div class=\"h-column h-column-container d-flex h-col-lg h-col-md h-col-auto style-811-outer style-local-105-c14-outer\">\n            <div data-colibri-id=\"105-c14\" class=\"d-flex h-flex-basis h-column__inner h-px-lg-0 h-px-md-0 h-px-0 v-inner-lg-0 v-inner-md-0 v-inner-0 style-811 style-local-105-c14 position-relative\">\n              <!---->\n              <!---->\n              <div class=\"w-100 h-y-container h-column__content h-column__v-align flex-basis-100 align-self-lg-start align-self-md-start align-self-start\">\n                <!---->\n                <div data-colibri-id=\"105-c15\" class=\"d-block style-812 style-local-105-c15 position-relative h-element\">\n                  <!---->\n                  <div class=\"h-image__frame-container-outer\">\n                    <div class=\"h-image__frame-container\">\n                      <!---->\n                      <div class=\"h-image__overlay style-812-overlay style-local-105-c15-overlay\">\n                        <div class=\"overlay-layer\">\n                          <div class=\"overlay-image-layer\" style=\"background-color: rgb(0, 0, 0); opacity: 0.4;\"><\/div>\n                        <\/div>\n                      <\/div>\n                      <img decoding=\"async\" width=\"1920\" height=\"768\" data-src=\"https:\/\/hundezentrum-fra.de\/wp-content\/uploads\/2024\/06\/2024_05_08_04630.jpg\" class=\"wp-image-1147 style-812-image style-local-105-c15-image lazyload\" alt=\"\" data-srcset=\"https:\/\/hundezentrum-fra.de\/wp-content\/uploads\/2024\/06\/2024_05_08_04630.jpg 1920w, https:\/\/hundezentrum-fra.de\/wp-content\/uploads\/2024\/06\/2024_05_08_04630-300x120.jpg 300w, https:\/\/hundezentrum-fra.de\/wp-content\/uploads\/2024\/06\/2024_05_08_04630-1024x410.jpg 1024w, https:\/\/hundezentrum-fra.de\/wp-content\/uploads\/2024\/06\/2024_05_08_04630-768x307.jpg 768w, https:\/\/hundezentrum-fra.de\/wp-content\/uploads\/2024\/06\/2024_05_08_04630-1536x614.jpg 1536w\" data-sizes=\"(max-width: 1920px) 100vw, 1920px\" src=\"data:image\/svg+xml;base64,PHN2ZyB3aWR0aD0iMSIgaGVpZ2h0PSIxIiB4bWxucz0iaHR0cDovL3d3dy53My5vcmcvMjAwMC9zdmciPjwvc3ZnPg==\" style=\"--smush-placeholder-width: 1920px; --smush-placeholder-aspect-ratio: 1920\/768;\" \/>\n                      <div class=\"h-image__frame h-hide-lg h-hide-md h-hide-sm style-812-frameImage style-local-105-c15-frameImage\"><\/div>\n                    <\/div>\n                  <\/div>\n                <\/div>\n              <\/div>\n            <\/div>\n          <\/div>\n        <\/div>\n      <\/div>\n    <\/div>\n  <\/div>\n<\/div>","protected":false},"excerpt":{"rendered":"<p>Gate-to-Gate-Service Individuell auf deine Reisepl\u00e4ne abgestimmt ist unser Gate to Gate-Service das optimale Bindeglied zwischen deiner Flugreise und der Unterbringung deines Hundes in unserer Hundebetreuung: Wir holen deinen Hund direkt am Terminal vor deinem Check-in ab und\/oder bringen ihn nach deiner Landung wieder dorthin zur\u00fcck. Auch f\u00fcr eine kurzzeitige Unterbringung, w\u00e4hrend eines Stop-Overs am Flughafen [&hellip;]<\/p>\n","protected":false},"author":1,"featured_media":0,"parent":0,"menu_order":0,"comment_status":"closed","ping_status":"closed","template":"page-templates\/full-width-page.php","meta":{"footnotes":""},"class_list":["post-105","page","type-page","status-publish","hentry"],"_links":{"self":[{"href":"https:\/\/hundezentrum-fra.de\/en\/wp-json\/wp\/v2\/pages\/105","targetHints":{"allow":["GET"]}}],"collection":[{"href":"https:\/\/hundezentrum-fra.de\/en\/wp-json\/wp\/v2\/pages"}],"about":[{"href":"https:\/\/hundezentrum-fra.de\/en\/wp-json\/wp\/v2\/types\/page"}],"author":[{"embeddable":true,"href":"https:\/\/hundezentrum-fra.de\/en\/wp-json\/wp\/v2\/users\/1"}],"replies":[{"embeddable":true,"href":"https:\/\/hundezentrum-fra.de\/en\/wp-json\/wp\/v2\/comments?post=105"}],"version-history":[{"count":0,"href":"https:\/\/hundezentrum-fra.de\/en\/wp-json\/wp\/v2\/pages\/105\/revisions"}],"wp:attachment":[{"href":"https:\/\/hundezentrum-fra.de\/en\/wp-json\/wp\/v2\/media?parent=105"}],"curies":[{"name":"wp","href":"https:\/\/api.w.org\/{rel}","templated":true}]}}